{"id":1592,"date":"2014-11-15T10:18:17","date_gmt":"2014-11-15T10:18:17","guid":{"rendered":"http:\/\/friedenskoch-jalil.rhcloud.com\/?page_id=2"},"modified":"2014-11-15T10:18:17","modified_gmt":"2014-11-15T10:18:17","slug":"beispiel-seite-2","status":"publish","type":"page","link":"https:\/\/www.friedenskoch.de\/","title":{"rendered":"Willkommen"},"content":{"rendered":"<p style=\"text-align: center;\"><a href=\"https:\/\/www.friedenskoch.de\/wordpress_de\/wp-content\/uploads\/2014\/11\/Jalil_Kopelew_400_w5.jpg\"><img loading=\"lazy\" decoding=\"async\" class=\"aligncenter size-full wp-image-285\" src=\"https:\/\/www.friedenskoch.de\/wordpress_de\/wp-content\/uploads\/2014\/11\/Jalil_Kopelew_400_w5.jpg\" alt=\"Jalil_Kopelew_400_w5\" width=\"400\" height=\"300\"><\/a><\/p>\n<h3 style=\"text-align: left;\"><strong>Seit der Erstellung dieser Homepage hat der Verein sein Ziel, das friedliche Zusammenleben von Juden, Christen und Muslimen im schulischen Bereich durch die Errichtung und Finanzierung einer Fachstelle f\u00fcr bilinguale und multikulturelle Bildung im Kindergarten erreicht. Das Kindermissionswerk \u201eDie Sternsinger\u201c hat den Verein hierbei finanziell und organisatorisch unterst\u00fctzt. Die Fachstelle wird Von der Institution Hand in Hand, Jerusalem (www.handinhandk12.org) geleitet. Das vorhandene Verm\u00f6gen des Vereins ist hierf\u00fcr aufgebraucht worden. Daher ist auf der Mitgliederversammlung vom 25. November 2016 beschlossen worden, den Verein nach Erf\u00fcllung seiner Aufgaben aufzul\u00f6sen, was inzwischen erfolgt ist. Durch die Errichtung einer Friedensstiftung \u201eJalil Schwarz-Friedenskoch\u201c werden das Kindermissionswerk und Jalil weiterhin f\u00fcr die Unterst\u00fctzung und Finanzierung von multikulturellen Projekten im Heiligen Land einsetzen.<\/strong><\/h3>\n<p style=\"text-align: center;\"><strong><span style=\"color: #008000;\"><span style=\"font-family: Trebuchet MS; font-size: x-large;\">Ahlan wa-Sahlan, &nbsp;&nbsp; <\/span><span style=\"font-family: Times New Roman, Times, serif; font-size: xx-large;\">\u0623\u0647\u0640\u0644\u0627\u064b \u0648\u0633\u0640\u0647\u0644\u0627\u064b<\/span> <\/span><\/strong><\/p>\n<h1 style=\"text-align: center;\"><span style=\"color: #008000;\"><strong>&nbsp;HERZLICH WILLKOMMEN&nbsp;<\/strong><\/span><\/h1>\n<h2 style=\"padding-left: 30px;\"><span style=\"color: #0000ff;\">Eine Einladung, den &#8222;Friedenskoch&#8220; &nbsp;Jalil Schwarz und sein Projekt<\/span><br \/>\n<span style=\"font-size: 1.285714286rem; line-height: 1.6; color: #0000ff;\">in Israel kennen zu lernen.<\/span><\/h2>\n<h3 style=\"padding-left: 30px; text-align: justify;\"><span style=\"color: #333333;\">Geb\u00fcrtig in der arabischen Stadt <a href=\"http:\/\/de.wikipedia.org\/wiki\/Ramla\"><span style=\"color: #0000ff;\">Ramla<\/span><\/a> bei Jaffa\/ Pal\u00e4stina (geh\u00f6rt seit 1948 zum Staat Israel). Ich komme aus einer&nbsp;christlichen pal\u00e4stinensischen Familie. Als Elfj\u00e4hriger musste&nbsp;ich 1947 mit 14 Kindern einer Internatsschule in Nazareth ohne&nbsp;Vater und Geschwister, die in Ramla wohnten, meine Heimat&nbsp;verlassen und floh zuerst in den Libanon. Einige Jahre sp\u00e4ter&nbsp;kam ich nach Bethlehem und Jerusalem, wo ich ca. 4 Jahre&nbsp;verbracht habe (siehe<\/span> <a title=\"Biograpfie\" href=\"https:\/\/www.friedenskoch.de\/jalil\/heimat\/\"><span style=\"color: #0000ff;\"><strong>Biographie<\/strong><\/span><\/a>).<\/h3>\n<h3 style=\"padding-left: 30px; text-align: justify;\">Seit Ende 1954 lebe ich in Deutschland, zurzeit in Bergheim (Rhein-Erftkreis) und habe seit 1965 die deutsche Staatsangeh\u00f6rigkeit. Bei meinem Besuch in meinem Geburtsort Ramla im Jahr 1985 stellte ich fest, dass das Lernniveau der arabischen Kinder niedrig war. Damit die wenigen Christen in Israel eine bessere Zukunft haben und als &#8222;lebendige Steine&#8220; der Kirche im Lande bleiben, habe ich mir vorgenommen, einer christlichen Gemeinde in Ramla beim Bau eines Gymnasiums zu helfen. Dank vieler gro\u00dfz\u00fcgiger Spender, vielf\u00e4ltiger kirchlicher Unterst\u00fctzung und dem Erl\u00f6s meiner Kochaktionen in ganz Deutschland und nicht zu Letzt durch die eigene Initiative der Menschen in Ramla konnte das Gymnasium im Jahre 1994 fertig gebaut und eingerichtet werden. Es wird von ca. 600 christlichen und muslimischen Sch\u00fclerInnen vom 5. bis zum 12. Schuljahr besucht.<span style=\"font-size: 1rem; line-height: 1.846153846;\"><br \/>\n<\/span><\/h3>\n<h2 style=\"text-align: justify; padding-left: 30px;\"><span style=\"color: #008000;\">Der Bau eines Kindergartens f\u00fcr Juden, Christen und Muslime in Israel, <\/span><span style=\"color: #008000;\">das war auch mein Traum<\/span><\/h2>\n<h3 style=\"padding-left: 30px; text-align: justify;\">W\u00e4hrend meiner Besuche in Israel stellte ich fest, dass die Kluft zwischen beiden V\u00f6lkern gro\u00df ist, obwohl die arabische und die j\u00fcdische Bev\u00f6lkerung seit Jahrzehnten fast T\u00fcr an T\u00fcr wohnen. Daher war es auch mein Traum, einen bilingualen Kindergarten f\u00fcr Juden, Christen und Muslime zu bauen, damit die Kinder von klein an friedlich zusammen aufwachsen und dabei lernen sich gegenseitig zu akzeptieren und wert zusch\u00e4tzen.<br \/>\nTrotz intensiver Bem\u00fchungen ist es mir und dem Verein Abrahamszelt leider aus&nbsp;verschiedensten Gr\u00fcnden nicht gelungen, diesen interreligi\u00f6sen Kindergarten in Israel zu bauen.<br \/>\nUm das Ziel des friedlichen Zusammenlebens bereits im Kindergarten dennoch zu verfolgen, hat der Verein Abrahamszelt e.V. &nbsp;sich f\u00fcr ein Projekt zur Finanzierung eines Programms zur Aus &#8211; und Fortbildung von Erziehern f\u00fcr die bilinguale und multikulturelle Bildung im Kindergarten entschieden. Gegenstand dieses Programms ist die Einrichtung einer Fachstelle f\u00fcr bilinguale und multikulturelle Bildung im Kindergarten, die durch die Institution <a href=\"http:\/\/www.handinhandk12.org\/\"><strong><span style=\"color: #0000ff;\">Hand in Hand<\/span><\/strong><\/a>, Jerusalem (www.handinhandk12.org) mit Hilfe des Kindermissionswerkes &nbsp;<a href=\"http:\/\/www.sternsinger.org\/projekte\/afrika\/israel-kindergartenerziehung.html\"><strong><span style=\"color: #0000ff;\">\u201eDie Sternsinger\u201c<\/span><\/strong><\/a> erfolgt.<\/h3>\n<h3 style=\"text-align: center; padding-left: 30px;\"><span style=\"color: #0000ff;\">&nbsp;Shalom (\u05e9\u05dc\u05d5\u05dd),&nbsp;Salam <strong>(\u0633\u0640\u0644\u0627\u0645<\/strong>), Schlomo, Frieden, Peace, Pax, Paz, Pace, <span id=\"result_box\" class=\"short_text\" lang=\"ru\"><span class=\"hps\">\u041c\u0438\u0440<\/span><\/span>, Vrede, Pokoj, Shakti, Be\u00b4ke, Paix, Fred, Rauha, \u0395\u03b9\u03c1\u03ae\u03bd\u03b7, \u0936\u093e\u0902\u0924\u093f,\u548c\u5e73<br \/>\n<\/span><a href=\"https:\/\/www.friedenskoch.de\/wordpress_de\/wp-content\/uploads\/2014\/11\/Primor-und-Uri.jpg\"><img loading=\"lazy\" decoding=\"async\" class=\"aligncenter wp-image-754\" src=\"https:\/\/www.friedenskoch.de\/wordpress_de\/wp-content\/uploads\/2014\/11\/Primor-und-Uri.jpg\" alt=\"Primor und Uri\" width=\"633\" height=\"420\"><\/a><strong>&nbsp;Uri Avnery, Avi Primor und Sari Nusseibe (Lew Kopelew-Preis 2003 in K\u00f6ln)<\/strong><\/h3>\n<p>&nbsp;<\/p>\n<div id=\"gt-c\" class=\"g-section\">\n<div id=\"gt-form-c\">\n<form id=\"gt-form\" action=\"\/\" enctype=\"application\/x-www-form-urlencoded\" method=\"post\" name=\"text_form\">\n<div id=\"gt-text-all\">\n<div id=\"gt-main\">\n<div id=\"gt-text-c\">\n<div id=\"gt-text-top\">\n<div id=\"gt-res-c\" class=\"g-unit\">\n<div id=\"gt-res-p\">\n<div id=\"gt-res-data\">\n<div id=\"gt-res-wrap\">\n<div id=\"gt-res-content\" class=\"almost_half_cell\">\n<h2 dir=\"ltr\" style=\"padding-left: 60px;\"><span id=\"result_box\" class=\"short_text\" lang=\"de\" style=\"color: #008000;\"><span class=\"hps\">F\u00fcr weitere Informationen:<\/span><\/span><\/h2>\n<\/div>\n<\/div>\n<\/div>\n<\/div>\n<\/div>\n<\/div>\n<\/div>\n<\/div>\n<\/div>\n<\/form>\n<\/div>\n<\/div>\n<h2 style=\"text-align: left; padding-left: 60px;\">Jalil Schwarz, Palmenweg 58,&nbsp; D-50127 Bergheim<br \/>\n0049 22 71 \/ 9 29 65<\/h2>\n<h2 style=\"text-align: left; padding-left: 60px;\"><span style=\"color: #0000ff;\"><strong>Mail: jalil_schwarz@mail.de&nbsp; *&nbsp; jalil@friedenskoch.de<\/strong><\/span><strong>&nbsp;<\/strong><\/h2>\n<p style=\"padding-left: 30px;\"><strong>&nbsp;<\/strong><\/p>\n<h1 style=\"text-align: center;\">&nbsp;<\/h1>\n<p>&nbsp;<\/p>\n<h4 style=\"padding-left: 30px;\">&nbsp;<\/h4>\n","protected":false},"excerpt":{"rendered":"<p>Seit der Erstellung dieser Homepage hat der Verein sein Ziel, das friedliche Zusammenleben von Juden, Christen und Muslimen im schulischen Bereich durch die Errichtung und Finanzierung einer Fachstelle f\u00fcr bilinguale und multikulturelle Bildung im Kindergarten erreicht. Das Kindermissionswerk \u201eDie Sternsinger\u201c hat den Verein hierbei finanziell und organisatorisch unterst\u00fctzt. Die Fachstelle wird Von der Institution Hand [&hellip;]<\/p>\n","protected":false},"author":3,"featured_media":0,"parent":0,"menu_order":0,"comment_status":"closed","ping_status":"open","template":"","meta":{"footnotes":""},"class_list":["post-1592","page","type-page","status-publish","hentry"],"_links":{"self":[{"href":"https:\/\/www.friedenskoch.de\/index.php?rest_route=\/wp\/v2\/pages\/1592","targetHints":{"allow":["GET"]}}],"collection":[{"href":"https:\/\/www.friedenskoch.de\/index.php?rest_route=\/wp\/v2\/pages"}],"about":[{"href":"https:\/\/www.friedenskoch.de\/index.php?rest_route=\/wp\/v2\/types\/page"}],"author":[{"embeddable":true,"href":"https:\/\/www.friedenskoch.de\/index.php?rest_route=\/wp\/v2\/users\/3"}],"replies":[{"embeddable":true,"href":"https:\/\/www.friedenskoch.de\/index.php?rest_route=%2Fwp%2Fv2%2Fcomments&post=1592"}],"version-history":[{"count":0,"href":"https:\/\/www.friedenskoch.de\/index.php?rest_route=\/wp\/v2\/pages\/1592\/revisions"}],"wp:attachment":[{"href":"https:\/\/www.friedenskoch.de\/index.php?rest_route=%2Fwp%2Fv2%2Fmedia&parent=1592"}],"curies":[{"name":"wp","href":"https:\/\/api.w.org\/{rel}","templated":true}]}}