{"id":30,"date":"2014-11-15T12:34:07","date_gmt":"2014-11-15T10:34:07","guid":{"rendered":"http:\/\/friedenskoch-jalil.rhcloud.com\/?page_id=30"},"modified":"2026-03-15T17:03:18","modified_gmt":"2026-03-15T16:03:18","slug":"taschina","status":"publish","type":"page","link":"https:\/\/www.friedenskoch.de\/?page_id=30","title":{"rendered":"Taschina"},"content":{"rendered":"<h1 style=\"padding-left: 60px;\"><span style=\"color: #008000;\">H\u00e4hnchenschenkelfleisch mit Curryreis &#8211; Taschina<\/span><\/h1>\n<h3 style=\"padding-left: 30px;\"><strong><a href=\"https:\/\/www.friedenskoch.de\/wordpress_de\/wp-content\/uploads\/2014\/11\/Taschina_300_w5.jpg\"><img loading=\"lazy\" decoding=\"async\" class=\"  wp-image-265 aligncenter\" src=\"https:\/\/www.friedenskoch.de\/wordpress_de\/wp-content\/uploads\/2014\/11\/Taschina_300_w5.jpg\" alt=\"Taschina_300_w5\" width=\"476\" height=\"357\" \/><\/a><\/strong><\/h3>\n<h2 style=\"padding-left: 30px;\"><strong><span style=\"color: #0000ff;\"><br \/>\nZutaten f\u00fcr 4 Personen<\/span><\/strong><\/h2>\n<h3 style=\"padding-left: 30px;\">4 H\u00e4hnchenkeulen<br \/>\n2 Tassen Langkornreis (ca. 280 g)<br \/>\n200 g Mandeln gestiftet<br \/>\n150 g Rosinen<br \/>\n\u00bd Dose Ananas in St\u00fccken<br \/>\n4 Tassen H\u00fchnerbr\u00fche (kochend)<br \/>\n1 EL Curry, etwas Butter<\/h3>\n<h2 style=\"padding-left: 30px;\"><span style=\"color: #0000ff;\"><strong>Zubereitung :<\/strong><\/span><\/h2>\n<ul>\n<li>\n<h3>\u00a0 \u00a0 \u00a0Rosinen in warmem Wasser einweichen.<\/h3>\n<ul>\n<li>\n<h3>H\u00e4hnchenkeulen gar kochen, von den Knochen l\u00f6sen und in kleine St\u00fccke zerteilen.<\/h3>\n<\/li>\n<li>\n<h3>Mandeln in etwas Butter braun r\u00f6sten<\/h3>\n<\/li>\n<li>\n<h3>Das H\u00fchnerfleisch, Rosinen, Ananas, Curry, Salz und die H\u00e4lfte der Mandeln vermengen.<\/h3>\n<\/li>\n<li>\n<h3>Mit einem Drittel der Reismenge den Kochtopf bedecken.<\/h3>\n<\/li>\n<li>\n<h3>Die H\u00e4lfte des H\u00e4hnchenfleischgemischs \u00fcber den Reis verteilen.<\/h3>\n<\/li>\n<li>\n<h3>Dann das n\u00e4chste Drittel der Reismenge dar\u00fcberstreuen.<\/h3>\n<\/li>\n<li>\n<h3>Die zweite H\u00e4lfte des H\u00e4hnchenfleischgemischs \u00fcber den Reis verteilen.<\/h3>\n<\/li>\n<li>\n<h3>Den Rest Reismenge dar\u00fcber streuen und die gekochte H\u00fchnerbr\u00fche gleichm\u00e4\u00dfig dar\u00fcber gie\u00dfen (nicht umr\u00fchren!).<\/h3>\n<\/li>\n<li>\n<h3>Den Topf zudecken und zum Kochen bringen (gr\u00f6\u00dfte Stufe). Dann auf die kleinste Stufe herunterschalten.<\/h3>\n<\/li>\n<li>\n<h3>Ca. 30-35 Minuten langsam garen lassen.<\/h3>\n<\/li>\n<li>\n<h3>Auf eine Platte umkippen, den restlichen Mandeln auf der Oberfl\u00e4che verteilen.<\/h3>\n<\/li>\n<li>\n<h3>Mit Joghurt oder <strong><span style=\"color: #0000ff;\"><a style=\"color: #0000ff;\" href=\"https:\/\/www.friedenskoch.de\/wordpress_de\/rezepte\/gurkensalat\/\">Tomaten-\/Gurkensalat<\/a><\/span><\/strong> servieren und genie\u00dfen.<\/h3>\n<\/li>\n<\/ul>\n<\/li>\n<\/ul>\n<h3 style=\"padding-left: 30px;\"><span style=\"color: #0000ff;\"><strong>Jalil der \u201eFriedenskoch\u201c w\u00fcnscht<\/strong><\/span><br \/>\n<span style=\"color: #0000ff;\"> <strong>GUTEN APPETIT!!!<\/strong><\/span><\/h3>\n","protected":false},"excerpt":{"rendered":"<p>H\u00e4hnchenschenkelfleisch mit Curryreis &#8211; Taschina Zutaten f\u00fcr 4 Personen 4 H\u00e4hnchenkeulen 2 Tassen Langkornreis (ca. 280 g) 200 g Mandeln gestiftet 150 g Rosinen \u00bd Dose Ananas in St\u00fccken 4 Tassen H\u00fchnerbr\u00fche (kochend) 1 EL Curry, etwas Butter Zubereitung : \u00a0 \u00a0 \u00a0Rosinen in warmem Wasser einweichen. H\u00e4hnchenkeulen gar kochen, von den Knochen l\u00f6sen und [&hellip;]<\/p>\n","protected":false},"author":1,"featured_media":0,"parent":12,"menu_order":20,"comment_status":"closed","ping_status":"open","template":"","meta":{"footnotes":""},"class_list":["post-30","page","type-page","status-publish","hentry"],"_links":{"self":[{"href":"https:\/\/www.friedenskoch.de\/index.php?rest_route=\/wp\/v2\/pages\/30","targetHints":{"allow":["GET"]}}],"collection":[{"href":"https:\/\/www.friedenskoch.de\/index.php?rest_route=\/wp\/v2\/pages"}],"about":[{"href":"https:\/\/www.friedenskoch.de\/index.php?rest_route=\/wp\/v2\/types\/page"}],"author":[{"embeddable":true,"href":"https:\/\/www.friedenskoch.de\/index.php?rest_route=\/wp\/v2\/users\/1"}],"replies":[{"embeddable":true,"href":"https:\/\/www.friedenskoch.de\/index.php?rest_route=%2Fwp%2Fv2%2Fcomments&post=30"}],"version-history":[{"count":1,"href":"https:\/\/www.friedenskoch.de\/index.php?rest_route=\/wp\/v2\/pages\/30\/revisions"}],"predecessor-version":[{"id":1744,"href":"https:\/\/www.friedenskoch.de\/index.php?rest_route=\/wp\/v2\/pages\/30\/revisions\/1744"}],"up":[{"embeddable":true,"href":"https:\/\/www.friedenskoch.de\/index.php?rest_route=\/wp\/v2\/pages\/12"}],"wp:attachment":[{"href":"https:\/\/www.friedenskoch.de\/index.php?rest_route=%2Fwp%2Fv2%2Fmedia&parent=30"}],"curies":[{"name":"wp","href":"https:\/\/api.w.org\/{rel}","templated":true}]}}