{"id":44,"date":"2014-11-15T12:36:55","date_gmt":"2014-11-15T10:36:55","guid":{"rendered":"http:\/\/friedenskoch-jalil.rhcloud.com\/?page_id=44"},"modified":"2026-03-15T17:06:11","modified_gmt":"2026-03-15T16:06:11","slug":"hummos","status":"publish","type":"page","link":"https:\/\/www.friedenskoch.de\/?page_id=44","title":{"rendered":"Hummos"},"content":{"rendered":"<h1><span style=\"color: #008000;\">\u00a0\u00a0\u00a0\u00a0\u00a0\u00a0\u00a0\u00a0\u00a0\u00a0\u00a0\u00a0\u00a0\u00a0\u00a0\u00a0\u00a0\u00a0\u00a0\u00a0\u00a0\u00a0\u00a0\u00a0\u00a0\u00a0\u00a0\u00a0\u00a0\u00a0\u00a0\u00a0\u00a0\u00a0\u00a0\u00a0\u00a0\u00a0\u00a0\u00a0\u00a0\u00a0\u00a0\u00a0\u00a0Kommunikative Vorspeise: Hummos<\/span><\/h1>\n<h3 style=\"padding-left: 30px;\"><strong><a href=\"https:\/\/www.friedenskoch.de\/wordpress_de\/wp-content\/uploads\/2014\/11\/Hummos_300_w5.jpg\"><img loading=\"lazy\" decoding=\"async\" class=\"alignright  wp-image-277\" src=\"https:\/\/www.friedenskoch.de\/wordpress_de\/wp-content\/uploads\/2014\/11\/Hummos_300_w5.jpg\" alt=\"Hummos_300_w5\" width=\"345\" height=\"259\" \/><\/a><span style=\"color: #0000ff;\">Zutaten:\u00a0<\/span><\/strong><\/h3>\n<p style=\"padding-left: 30px;\">200 g Kichererbsen<br \/>\n3 Knoblauchzehen<br \/>\nSaft von 2 Zitronen<br \/>\n150 ml Sesampaste (Tahina)<br \/>\n50 ml Kichererbsenwasser<br \/>\n3 EL Oliven\u00f6l<br \/>\nTL Salz,<br \/>\nGarnieren: Tomaten, Gew\u00fcrzgurke, Radieschen, Petersilie, einige gekochte Kirchererbsen und wenn vorhanden ist, sauere Granatapfel (siehe Abbildung)<\/p>\n<h2 style=\"padding-left: 30px;\"><span style=\"color: #0000ff;\"><strong>Zubereitung:<\/strong><\/span><\/h2>\n<h3 style=\"text-align: justify; padding-left: 30px;\">Kichererbsen \u00fcber Nacht einweichen (mit kaltem Wasser bedeckt). Kichererbsen kochen, bis sie sehr weich sind (ca. 2Std.). Wasser abgie\u00dfen und einige Erbsen beiseite legen. Die gekochten Kichererbsen und die Knoblauchzehen mit einer K\u00fcchenmaschine fein p\u00fcrieren.<br \/>\nZitronensaft, \u00d6l, Salz, Pfeffer, Cumin, Knoblauch zu der Tahina geben und gut mischen (mit dem Mixer), das Ganze muss z\u00e4hfl\u00fcssig werden, daher nach und nach etwas Wasser dazu geben und abschmecken.<br \/>\nDie fertige So\u00dfe \u00fcber die Kichererbsen gie\u00dfen, gut mischen und abk\u00fchlen.<br \/>\n4 EL auf einem flachen Teller geben, gl\u00e4tten und entsprechend garnieren.<\/h3>\n<h3 style=\"padding-left: 30px;\"><span style=\"color: #0000ff;\">Am besten schmeckt es ohne Besteck mit arabischem Brot oder mit t\u00fcrkische \u00a0Pita.<\/span><br \/>\n<span style=\"color: #0000ff;\"> Da mehrere Personen aus einem Teller essen k\u00f6nnen, sollte man, aus hygienischen <\/span><span style=\"color: #0000ff;\">Gr\u00fcnden, mit einem St\u00fcckchen Brot essen. <\/span><\/h3>\n<h2 style=\"text-align: center; padding-left: 30px;\"><strong><span style=\"color: #0000ff;\">Jalil der \u201eFriedenskoch\u201c w\u00fcnscht<\/span><\/strong><br \/>\n<span style=\"color: #0000ff;\"><strong>GUTEN APPETIT!!!<\/strong><\/span><\/h2>\n<h4 style=\"padding-left: 30px;\"><span style=\"color: #0000ff;\"><a href=\"https:\/\/www.friedenskoch.de\/wordpress_de\/wp-content\/uploads\/2014\/11\/Braut-mit-Schwiegervater.jpg\"><img loading=\"lazy\" decoding=\"async\" class=\"wp-image-773 aligncenter\" src=\"https:\/\/www.friedenskoch.de\/wordpress_de\/wp-content\/uploads\/2014\/11\/Braut-mit-Schwiegervater.jpg\" alt=\"Braut mit Schwiegervater\" width=\"263\" height=\"179\" \/><\/a> <\/span><\/h4>\n<p style=\"padding-left: 30px;\"><span style=\"color: #0000ff;\"><strong>\u00a0<\/strong><\/span><\/p>\n<p>&nbsp;<\/p>\n<p>&nbsp;<\/p>\n<p style=\"text-align: center; padding-left: 30px;\">\n","protected":false},"excerpt":{"rendered":"<p>\u00a0\u00a0\u00a0\u00a0\u00a0\u00a0\u00a0\u00a0\u00a0\u00a0\u00a0\u00a0\u00a0\u00a0\u00a0\u00a0\u00a0\u00a0\u00a0\u00a0\u00a0\u00a0\u00a0\u00a0\u00a0\u00a0\u00a0\u00a0\u00a0\u00a0\u00a0\u00a0\u00a0\u00a0\u00a0\u00a0\u00a0\u00a0\u00a0\u00a0\u00a0\u00a0\u00a0\u00a0\u00a0Kommunikative Vorspeise: Hummos Zutaten:\u00a0 200 g Kichererbsen 3 Knoblauchzehen Saft von 2 Zitronen 150 ml Sesampaste (Tahina) 50 ml Kichererbsenwasser 3 EL Oliven\u00f6l TL Salz, Garnieren: Tomaten, Gew\u00fcrzgurke, Radieschen, Petersilie, einige gekochte Kirchererbsen und wenn vorhanden ist, sauere Granatapfel (siehe Abbildung) Zubereitung: Kichererbsen \u00fcber Nacht einweichen (mit kaltem Wasser bedeckt). Kichererbsen kochen, bis sie sehr [&hellip;]<\/p>\n","protected":false},"author":1,"featured_media":0,"parent":12,"menu_order":180,"comment_status":"closed","ping_status":"open","template":"","meta":{"footnotes":""},"class_list":["post-44","page","type-page","status-publish","hentry"],"_links":{"self":[{"href":"https:\/\/www.friedenskoch.de\/index.php?rest_route=\/wp\/v2\/pages\/44","targetHints":{"allow":["GET"]}}],"collection":[{"href":"https:\/\/www.friedenskoch.de\/index.php?rest_route=\/wp\/v2\/pages"}],"about":[{"href":"https:\/\/www.friedenskoch.de\/index.php?rest_route=\/wp\/v2\/types\/page"}],"author":[{"embeddable":true,"href":"https:\/\/www.friedenskoch.de\/index.php?rest_route=\/wp\/v2\/users\/1"}],"replies":[{"embeddable":true,"href":"https:\/\/www.friedenskoch.de\/index.php?rest_route=%2Fwp%2Fv2%2Fcomments&post=44"}],"version-history":[{"count":1,"href":"https:\/\/www.friedenskoch.de\/index.php?rest_route=\/wp\/v2\/pages\/44\/revisions"}],"predecessor-version":[{"id":1750,"href":"https:\/\/www.friedenskoch.de\/index.php?rest_route=\/wp\/v2\/pages\/44\/revisions\/1750"}],"up":[{"embeddable":true,"href":"https:\/\/www.friedenskoch.de\/index.php?rest_route=\/wp\/v2\/pages\/12"}],"wp:attachment":[{"href":"https:\/\/www.friedenskoch.de\/index.php?rest_route=%2Fwp%2Fv2%2Fmedia&parent=44"}],"curies":[{"name":"wp","href":"https:\/\/api.w.org\/{rel}","templated":true}]}}