{"id":64,"date":"2014-11-15T12:45:55","date_gmt":"2014-11-15T10:45:55","guid":{"rendered":"http:\/\/friedenskoch-jalil.rhcloud.com\/?page_id=64"},"modified":"2026-03-15T16:58:43","modified_gmt":"2026-03-15T15:58:43","slug":"the-four-homes-of-mercy-in-jerusalem","status":"publish","type":"page","link":"https:\/\/www.friedenskoch.de\/?page_id=64","title":{"rendered":"The Four Homes of Mercy in Jerusalem"},"content":{"rendered":"<h2 style=\"padding-left: 30px; text-align: center;\"><a href=\"https:\/\/www.friedenskoch.de\/wordpress_de\/wp-content\/uploads\/2014\/11\/Jerusalem_300_w5.jpg\"><img loading=\"lazy\" decoding=\"async\" class=\"wp-image-238 aligncenter\" src=\"https:\/\/www.friedenskoch.de\/wordpress_de\/wp-content\/uploads\/2014\/11\/Jerusalem_300_w5.jpg\" alt=\"Jerusalem_300_w5\" width=\"474\" height=\"999\" \/><\/a><b><br \/>\n<\/b><span style=\"color: #0000ff;\">\u201cThe Four Homes of Mercy\u201d<\/span><\/h2>\n<h3 style=\"padding-left: 90px; text-align: justify;\">\u00a0Das Zentrum \u201cThe Four Homes of Mercy\u201d am \u00d6lberg (al-Asariyeh) in Jerusalem betreut k\u00f6rperlich und geistig behinderte Kinder und unterh\u00e4lt jeweils ein Altenheim f\u00fcr M\u00e4nner und Frauen. Bei einem Besuch im Jahre 1994 stellte ich fest, dass das Heim sehr d\u00fcrftig ausgestattet war &#8211; es fehlten z.B. Nachtschr\u00e4nke, Rollst\u00fchle und Gehhilfen.<br \/>\nAls ich nach K\u00f6ln zur\u00fcckkam, nahm ich Kontakt zu den hiesigen Krankenh\u00e4usern und Altenheimen auf. Daraufhin konnte ich ausgemusterte Gegenst\u00e4nde sammeln, wie zum Beispiel Nachtschr\u00e4nke, Rollst\u00fchle, Duschst\u00fchle, Gehhilfen, Betten, Bettw\u00e4sche etc.<br \/>\n<span style=\"font-size: 1.142857143rem; line-height: 1.846153846; text-align: justify;\">Diese Gegenst\u00e4nde konnte ich per Container nach Jerusalem als Spende an das Zentrum The Four Homes of Mercy \u00a0schicken.<\/span><\/h3>\n<h3 style=\"text-align: justify;\" align=\"JUSTIFY\"><span style=\"font-family: Trebuchet MS,Arial,Helvetica,sans-serif;\">\u00a0<\/span><\/h3>\n<p>&nbsp;<\/p>\n","protected":false},"excerpt":{"rendered":"<p>\u201cThe Four Homes of Mercy\u201d \u00a0Das Zentrum \u201cThe Four Homes of Mercy\u201d am \u00d6lberg (al-Asariyeh) in Jerusalem betreut k\u00f6rperlich und geistig behinderte Kinder und unterh\u00e4lt jeweils ein Altenheim f\u00fcr M\u00e4nner und Frauen. Bei einem Besuch im Jahre 1994 stellte ich fest, dass das Heim sehr d\u00fcrftig ausgestattet war &#8211; es fehlten z.B. Nachtschr\u00e4nke, Rollst\u00fchle und [&hellip;]<\/p>\n","protected":false},"author":1,"featured_media":0,"parent":8,"menu_order":60,"comment_status":"closed","ping_status":"open","template":"","meta":{"footnotes":""},"class_list":["post-64","page","type-page","status-publish","hentry"],"_links":{"self":[{"href":"https:\/\/www.friedenskoch.de\/index.php?rest_route=\/wp\/v2\/pages\/64","targetHints":{"allow":["GET"]}}],"collection":[{"href":"https:\/\/www.friedenskoch.de\/index.php?rest_route=\/wp\/v2\/pages"}],"about":[{"href":"https:\/\/www.friedenskoch.de\/index.php?rest_route=\/wp\/v2\/types\/page"}],"author":[{"embeddable":true,"href":"https:\/\/www.friedenskoch.de\/index.php?rest_route=\/wp\/v2\/users\/1"}],"replies":[{"embeddable":true,"href":"https:\/\/www.friedenskoch.de\/index.php?rest_route=%2Fwp%2Fv2%2Fcomments&post=64"}],"version-history":[{"count":1,"href":"https:\/\/www.friedenskoch.de\/index.php?rest_route=\/wp\/v2\/pages\/64\/revisions"}],"predecessor-version":[{"id":1738,"href":"https:\/\/www.friedenskoch.de\/index.php?rest_route=\/wp\/v2\/pages\/64\/revisions\/1738"}],"up":[{"embeddable":true,"href":"https:\/\/www.friedenskoch.de\/index.php?rest_route=\/wp\/v2\/pages\/8"}],"wp:attachment":[{"href":"https:\/\/www.friedenskoch.de\/index.php?rest_route=%2Fwp%2Fv2%2Fmedia&parent=64"}],"curies":[{"name":"wp","href":"https:\/\/api.w.org\/{rel}","templated":true}]}}