{"id":68,"date":"2014-11-15T12:46:48","date_gmt":"2014-11-15T10:46:48","guid":{"rendered":"http:\/\/friedenskoch-jalil.rhcloud.com\/?page_id=68"},"modified":"2026-03-15T16:59:31","modified_gmt":"2026-03-15T15:59:31","slug":"unterrichtsmaterialien-fuer-hebron","status":"publish","type":"page","link":"https:\/\/www.friedenskoch.de\/?page_id=68","title":{"rendered":"Berufsschule in Hebron"},"content":{"rendered":"<p>&nbsp;<\/p>\n<h3 style=\"text-align: justify; padding-left: 30px;\"><img loading=\"lazy\" decoding=\"async\" class=\" wp-image-241  aligncenter\" src=\"https:\/\/www.friedenskoch.de\/wordpress_de\/wp-content\/uploads\/2014\/11\/Hebron_300_w5.jpg\" alt=\"Hebron_300_w5\" width=\"569\" height=\"1102\" \/><\/h3>\n<h3 style=\"padding-left: 60px; text-align: justify;\">Im Jahr 1994 wurde am Berufsf\u00f6rderungswerk in Michaelshoven bei K\u00f6ln das Labor f\u00fcr Elektrotechnik \/ Elektronik erneuert. Da ich damals dort als Dozent t\u00e4tig war, konnte ich den Direktor \u00fcberzeugen, die gut erhaltenen alten Lehrger\u00e4te zu spenden, statt sie zu entsorgen. Ich \u00a0nahm Kontakt zu der pal\u00e4stinensischen Autonomiebeh\u00f6rde in Ramallah auf und sie stellte die Verbindungen mit dem Kolleg f\u00fcr Elektrotechnik \/ Elektronik in Hebron her.<br \/>\nDiese Schule war neu und hatte keinerlei Unterrichtsmaterialien. Daher waren sie an den Ger\u00e4ten sehr interessiert.<br \/>\nDaraufhin habe ich diese umfangreiche Laborausstattung (im Werte von ca. 800.000 Mark) in einem 20 Kubikmeter Container zollm\u00e4\u00dfigverpackt und einen Spediteur beauftragt, die Sendung nach Hebron zu\u00a0transportieren.<br \/>\nDas deutsche Bundesministerium f\u00fcr Wirtschaftliche Zusammenarbeit (BMZ) \u00a0trug die H\u00e4lfte der Transportkosten.<\/h3>\n<h3 style=\"text-align: justify;\"><\/h3>\n<h3 style=\"text-align: justify;\"><\/h3>\n<h3 style=\"text-align: justify;\"><\/h3>\n","protected":false},"excerpt":{"rendered":"<p>&nbsp; Im Jahr 1994 wurde am Berufsf\u00f6rderungswerk in Michaelshoven bei K\u00f6ln das Labor f\u00fcr Elektrotechnik \/ Elektronik erneuert. Da ich damals dort als Dozent t\u00e4tig war, konnte ich den Direktor \u00fcberzeugen, die gut erhaltenen alten Lehrger\u00e4te zu spenden, statt sie zu entsorgen. Ich \u00a0nahm Kontakt zu der pal\u00e4stinensischen Autonomiebeh\u00f6rde in Ramallah auf und sie stellte [&hellip;]<\/p>\n","protected":false},"author":1,"featured_media":0,"parent":8,"menu_order":100,"comment_status":"closed","ping_status":"open","template":"","meta":{"footnotes":""},"class_list":["post-68","page","type-page","status-publish","hentry"],"_links":{"self":[{"href":"https:\/\/www.friedenskoch.de\/index.php?rest_route=\/wp\/v2\/pages\/68","targetHints":{"allow":["GET"]}}],"collection":[{"href":"https:\/\/www.friedenskoch.de\/index.php?rest_route=\/wp\/v2\/pages"}],"about":[{"href":"https:\/\/www.friedenskoch.de\/index.php?rest_route=\/wp\/v2\/types\/page"}],"author":[{"embeddable":true,"href":"https:\/\/www.friedenskoch.de\/index.php?rest_route=\/wp\/v2\/users\/1"}],"replies":[{"embeddable":true,"href":"https:\/\/www.friedenskoch.de\/index.php?rest_route=%2Fwp%2Fv2%2Fcomments&post=68"}],"version-history":[{"count":1,"href":"https:\/\/www.friedenskoch.de\/index.php?rest_route=\/wp\/v2\/pages\/68\/revisions"}],"predecessor-version":[{"id":1740,"href":"https:\/\/www.friedenskoch.de\/index.php?rest_route=\/wp\/v2\/pages\/68\/revisions\/1740"}],"up":[{"embeddable":true,"href":"https:\/\/www.friedenskoch.de\/index.php?rest_route=\/wp\/v2\/pages\/8"}],"wp:attachment":[{"href":"https:\/\/www.friedenskoch.de\/index.php?rest_route=%2Fwp%2Fv2%2Fmedia&parent=68"}],"curies":[{"name":"wp","href":"https:\/\/api.w.org\/{rel}","templated":true}]}}